{"id":6,"date":"2015-05-13T10:00:46","date_gmt":"2015-05-13T10:00:46","guid":{"rendered":"http:\/\/cramers-kotten.de\/?page_id=6"},"modified":"2017-10-11T07:44:39","modified_gmt":"2017-10-11T07:44:39","slug":"impressum","status":"publish","type":"page","link":"https:\/\/cramers-kotten.de\/?page_id=6","title":{"rendered":"Impressum"},"content":{"rendered":"<p>Verantwortlich f\u00fcr den Inhalt der Seiten ist:<\/p>\n<p>Inh. Bernd Josef Cramer<\/p>\n<p>B\u00f6nninghauser Stra\u00dfe 60<\/p>\n<p>59590 Geseke<\/p>\n<p>Tel.: 02942\/57116<\/p>\n<p>Mobil.:+49 151 64030870<\/p>\n<p>E-Mail: Cramers-Kotten@t-online.de<\/p>\n<p>&nbsp;<\/p>\n<p>&nbsp;<\/p>\n<p>Wir sind nicht verantwortlich f\u00fcr den Inhalt von erw\u00e4hnten externen Internetseiten (Links). Wir distanzieren uns ausdr\u00fccklich vom Inhalt der gelinkten Internetseiten inklusive aller gelinkten Unterseiten. Diese Erkl\u00e4rung gilt f\u00fcr alle auf dieser Website angebrachten Links.<\/p>\n<p>&nbsp;<\/p>\n<p><strong>Programmierung und Konzeption<br \/>\n<\/strong>Jan-Michael Eiserich M.A.<br \/>\nE-Mail: <a href=\"mailto:j.eiserich@online.de\"><u>j.eiserich@online.de<\/u><\/a><\/p>\n","protected":false},"excerpt":{"rendered":"<p>Verantwortlich f\u00fcr den Inhalt der Seiten ist: Inh. Bernd Josef Cramer B\u00f6nninghauser Stra\u00dfe 60 59590 Geseke Tel.: 02942\/57116 Mobil.:+49 151 64030870 E-Mail: Cramers-Kotten@t-online.de &nbsp; &nbsp; Wir sind nicht verantwortlich f\u00fcr den Inhalt von erw\u00e4hnten externen Internetseiten (Links). Wir distanzieren uns ausdr\u00fccklich vom Inhalt der gelinkten Internetseiten inklusive aller gelinkten Unterseiten. Diese Erkl\u00e4rung gilt f\u00fcr alle [&hellip;]<\/p>\n","protected":false},"author":1,"featured_media":0,"parent":0,"menu_order":7,"comment_status":"open","ping_status":"open","template":"","meta":[],"_links":{"self":[{"href":"https:\/\/cramers-kotten.de\/index.php?rest_route=\/wp\/v2\/pages\/6"}],"collection":[{"href":"https:\/\/cramers-kotten.de\/index.php?rest_route=\/wp\/v2\/pages"}],"about":[{"href":"https:\/\/cramers-kotten.de\/index.php?rest_route=\/wp\/v2\/types\/page"}],"author":[{"embeddable":true,"href":"https:\/\/cramers-kotten.de\/index.php?rest_route=\/wp\/v2\/users\/1"}],"replies":[{"embeddable":true,"href":"https:\/\/cramers-kotten.de\/index.php?rest_route=%2Fwp%2Fv2%2Fcomments&post=6"}],"version-history":[{"count":5,"href":"https:\/\/cramers-kotten.de\/index.php?rest_route=\/wp\/v2\/pages\/6\/revisions"}],"predecessor-version":[{"id":179,"href":"https:\/\/cramers-kotten.de\/index.php?rest_route=\/wp\/v2\/pages\/6\/revisions\/179"}],"wp:attachment":[{"href":"https:\/\/cramers-kotten.de\/index.php?rest_route=%2Fwp%2Fv2%2Fmedia&parent=6"}],"curies":[{"name":"wp","href":"https:\/\/api.w.org\/{rel}","templated":true}]}}